{"id":15776,"date":"2018-08-29T09:59:40","date_gmt":"2018-08-29T09:59:40","guid":{"rendered":"https:\/\/www.tiffin.ro\/despre-noi\/"},"modified":"2024-10-05T17:41:50","modified_gmt":"2024-10-05T17:41:50","slug":"despre-noi","status":"publish","type":"page","link":"https:\/\/www.tiffin.ro\/ro\/despre-noi\/","title":{"rendered":"Despre noi"},"content":{"rendered":"\t\t<div data-elementor-type=\"wp-post\" data-elementor-id=\"15776\" class=\"elementor elementor-15776 elementor-1688\">\n\t\t\t\t\t\t<div class=\"elementor-section elementor-top-section elementor-element elementor-element-f443a7c elementor-section-content-middle elementor-section-boxed elementor-section-height-default elementor-section-height-default\" data-id=\"f443a7c\" data-element_type=\"section\" data-e-type=\"section\">\n\t\t\t\t\t\t<div class=\"elementor-container elementor-column-gap-default\">\n\t\t\t\t\t<div class=\"elementor-column elementor-col-50 elementor-top-column elementor-element elementor-element-e570e32\" data-id=\"e570e32\" data-element_type=\"column\" data-e-type=\"column\">\n\t\t\t<div class=\"elementor-widget-wrap elementor-element-populated\">\n\t\t\t\t\t\t<div class=\"elementor-element elementor-element-78eb410 animated-slow elementor-invisible elementor-widget elementor-widget-text-editor\" data-id=\"78eb410\" data-element_type=\"widget\" data-e-type=\"widget\" data-settings=\"{&quot;_animation&quot;:&quot;fadeInUp&quot;}\" data-widget_type=\"text-editor.default\">\n\t\t\t\t<div class=\"elementor-widget-container\">\n\t\t\t\t\t\t\t\t\t<p>Suntem o echip\u0103 t\u00e2n\u0103r\u0103 \u0219i dinamic\u0103, profesionist\u0103 din toate punctele de vedere \u0219i extrem de bine antrenat\u0103 \u00een idei practice \u0219i inovative.<br \/>\nSuntem la curent cu tot ce e nou pe pia\u021b\u0103 \u0219i oferim cele mai bune rezultate pe tot parcusul colabor\u0103rii. <\/p>\n\t\t\t\t\t\t\t\t<\/div>\n\t\t\t\t<\/div>\n\t\t\t\t<div class=\"elementor-element elementor-element-36456c8 animated-slow elementor-invisible elementor-widget elementor-widget-text-editor\" data-id=\"36456c8\" data-element_type=\"widget\" data-e-type=\"widget\" data-settings=\"{&quot;_animation&quot;:&quot;fadeInUp&quot;}\" data-widget_type=\"text-editor.default\">\n\t\t\t\t<div class=\"elementor-widget-container\">\n\t\t\t\t\t\t\t\t\t<p>Ne propunem s\u0103 aducem claritate, inova\u021bie \u0219i performan\u021b\u0103.<br \/>\nCredem cu t\u0103rie \u00een munca de echip\u0103 \u0219i ne dorim corectitudine, ceea ce \u00eenseamn\u0103 c\u0103 ducem la bun sf\u00e2r\u0219it toate procesele de promovare online \u0219i vrem ca orice nou proiect s\u0103 \u00eensemne \u00eenceputul unui lung drum \u00eempreun\u0103. <\/p>\n\t\t\t\t\t\t\t\t<\/div>\n\t\t\t\t<\/div>\n\t\t\t\t\t<\/div>\n\t\t<\/div>\n\t\t\t\t<div class=\"elementor-column elementor-col-50 elementor-top-column elementor-element elementor-element-8393318\" data-id=\"8393318\" data-element_type=\"column\" data-e-type=\"column\">\n\t\t\t<div class=\"elementor-widget-wrap elementor-element-populated\">\n\t\t\t\t\t\t<div class=\"elementor-element elementor-element-d5581cb xs-info-img elementor-widget elementor-widget-image\" data-id=\"d5581cb\" data-element_type=\"widget\" data-e-type=\"widget\" data-widget_type=\"image.default\">\n\t\t\t\t<div class=\"elementor-widget-container\">\n\t\t\t\t\t\t\t\t\t\t\t\t\t\t\t<img decoding=\"async\" src=\"https:\/\/www.beonagency.ro\/wp-content\/uploads\/2018\/08\/info-1.png\" title=\"\" alt=\"\" loading=\"lazy\" \/>\t\t\t\t\t\t\t\t\t\t\t\t\t\t\t<\/div>\n\t\t\t\t<\/div>\n\t\t\t\t\t<\/div>\n\t\t<\/div>\n\t\t\t\t\t<\/div>\n\t\t<\/div>\n\t\t\t\t<div class=\"elementor-section elementor-top-section elementor-element elementor-element-2eadcba elementor-section-boxed elementor-section-height-default elementor-section-height-default\" data-id=\"2eadcba\" data-element_type=\"section\" data-e-type=\"section\" data-settings=\"{&quot;background_background&quot;:&quot;classic&quot;}\">\n\t\t\t\t\t\t\t<div class=\"elementor-background-overlay\"><\/div>\n\t\t\t\t\t\t\t<div class=\"elementor-container elementor-column-gap-default\">\n\t\t\t\t\t<div class=\"elementor-column elementor-col-100 elementor-top-column elementor-element elementor-element-76edfeb\" data-id=\"76edfeb\" data-element_type=\"column\" data-e-type=\"column\" data-settings=\"{&quot;background_background&quot;:&quot;classic&quot;}\">\n\t\t\t<div class=\"elementor-widget-wrap elementor-element-populated\">\n\t\t\t\t\t\t<section class=\"elementor-section elementor-inner-section elementor-element elementor-element-c7d9db3 elementor-section-boxed elementor-section-height-default elementor-section-height-default\" data-id=\"c7d9db3\" data-element_type=\"section\" data-e-type=\"section\" data-settings=\"{&quot;background_background&quot;:&quot;classic&quot;}\">\n\t\t\t\t\t\t\t<div class=\"elementor-background-overlay\"><\/div>\n\t\t\t\t\t\t\t<div class=\"elementor-container elementor-column-gap-default\">\n\t\t\t\t\t<div class=\"elementor-column elementor-col-100 elementor-inner-column elementor-element elementor-element-a998cc3\" data-id=\"a998cc3\" data-element_type=\"column\" data-e-type=\"column\">\n\t\t\t<div class=\"elementor-widget-wrap\">\n\t\t\t\t\t\t\t<\/div>\n\t\t<\/div>\n\t\t\t\t\t<\/div>\n\t\t<\/section>\n\t\t\t\t\t<\/div>\n\t\t<\/div>\n\t\t\t\t\t<\/div>\n\t\t<\/div>\n\t\t\t\t<section class=\"elementor-section elementor-top-section elementor-element elementor-element-c845be2 waypoint-tigger elementor-section-boxed elementor-section-height-default elementor-section-height-default\" data-id=\"c845be2\" data-element_type=\"section\" data-e-type=\"section\">\n\t\t\t\t\t\t<div class=\"elementor-container elementor-column-gap-default\">\n\t\t\t\t\t<div class=\"elementor-column elementor-col-33 elementor-top-column elementor-element elementor-element-a3548fe\" data-id=\"a3548fe\" data-element_type=\"column\" data-e-type=\"column\">\n\t\t\t<div class=\"elementor-widget-wrap\">\n\t\t\t\t\t\t\t<\/div>\n\t\t<\/div>\n\t\t\t\t<div class=\"elementor-column elementor-col-33 elementor-top-column elementor-element elementor-element-73fc0e5\" data-id=\"73fc0e5\" data-element_type=\"column\" data-e-type=\"column\">\n\t\t\t<div class=\"elementor-widget-wrap\">\n\t\t\t\t\t\t\t<\/div>\n\t\t<\/div>\n\t\t\t\t<div class=\"elementor-column elementor-col-33 elementor-top-column elementor-element elementor-element-99de670\" data-id=\"99de670\" data-element_type=\"column\" data-e-type=\"column\">\n\t\t\t<div class=\"elementor-widget-wrap\">\n\t\t\t\t\t\t\t<\/div>\n\t\t<\/div>\n\t\t\t\t\t<\/div>\n\t\t<\/section>\n\t\t\t\t<div class=\"elementor-section elementor-top-section elementor-element elementor-element-c196c11 elementor-section-content-middle elementor-section-boxed elementor-section-height-default elementor-section-height-default\" data-id=\"c196c11\" data-element_type=\"section\" data-e-type=\"section\" data-settings=\"{&quot;background_background&quot;:&quot;classic&quot;}\">\n\t\t\t\t\t\t<div class=\"elementor-container elementor-column-gap-default\">\n\t\t\t\t\t<div class=\"elementor-column elementor-col-50 elementor-top-column elementor-element elementor-element-19493c6\" data-id=\"19493c6\" data-element_type=\"column\" data-e-type=\"column\">\n\t\t\t<div class=\"elementor-widget-wrap elementor-element-populated\">\n\t\t\t\t\t\t<div class=\"elementor-element elementor-element-1a8a126 animated-slow elementor-invisible elementor-widget elementor-widget-text-editor\" data-id=\"1a8a126\" data-element_type=\"widget\" data-e-type=\"widget\" data-settings=\"{&quot;_animation&quot;:&quot;fadeInUp&quot;}\" data-widget_type=\"text-editor.default\">\n\t\t\t\t<div class=\"elementor-widget-container\">\n\t\t\t\t\t\t\t\t\t<p>Ne identific\u0103m ca fiind profesioni\u0219ti, oferim claritate \u00een acest domeniu \u0219i ne plas\u0103m s\u0103 dezvolt\u0103m rela\u021bii pe termen lung cu poten\u021bialii clien\u021bi.  <\/p>\n<p>Mai mult, ne dorim ca toti clienti nostri sa aib\u0103 totul \u00een materie de servicii online: de la concept, design, copywriting, pana la implimentare si dezvoltare.<\/p>\n<p>Suntem al\u0103turi de tine \u0219i de afacerea ta!<\/p>\n\t\t\t\t\t\t\t\t<\/div>\n\t\t\t\t<\/div>\n\t\t\t\t<div class=\"elementor-element elementor-element-5371c3e animated-slow elementor-icon-list--layout-traditional elementor-list-item-link-full_width elementor-invisible elementor-widget elementor-widget-icon-list\" data-id=\"5371c3e\" data-element_type=\"widget\" data-e-type=\"widget\" data-settings=\"{&quot;_animation&quot;:&quot;fadeInUp&quot;}\" data-widget_type=\"icon-list.default\">\n\t\t\t\t<div class=\"elementor-widget-container\">\n\t\t\t\t\t\t\t<ul class=\"elementor-icon-list-items\">\n\t\t\t\t\t\t\t<li class=\"elementor-icon-list-item\">\n\t\t\t\t\t\t\t\t\t\t\t<span class=\"elementor-icon-list-icon\">\n\t\t\t\t\t\t\t<svg aria-hidden=\"true\" class=\"e-font-icon-svg e-fas-check\" viewBox=\"0 0 512 512\" xmlns=\"http:\/\/www.w3.org\/2000\/svg\"><path d=\"M173.898 439.404l-166.4-166.4c-9.997-9.997-9.997-26.206 0-36.204l36.203-36.204c9.997-9.998 26.207-9.998 36.204 0L192 312.69 432.095 72.596c9.997-9.997 26.207-9.997 36.204 0l36.203 36.204c9.997 9.997 9.997 26.206 0 36.204l-294.4 294.401c-9.998 9.997-26.207 9.997-36.204-.001z\"><\/path><\/svg>\t\t\t\t\t\t<\/span>\n\t\t\t\t\t\t\t\t\t\t<span class=\"elementor-icon-list-text\">Profesionalism \u00een fiecare domeniu prestat<\/span>\n\t\t\t\t\t\t\t\t\t<\/li>\n\t\t\t\t\t\t\t\t<li class=\"elementor-icon-list-item\">\n\t\t\t\t\t\t\t\t\t\t\t<span class=\"elementor-icon-list-icon\">\n\t\t\t\t\t\t\t<svg aria-hidden=\"true\" class=\"e-font-icon-svg e-fas-check\" viewBox=\"0 0 512 512\" xmlns=\"http:\/\/www.w3.org\/2000\/svg\"><path d=\"M173.898 439.404l-166.4-166.4c-9.997-9.997-9.997-26.206 0-36.204l36.203-36.204c9.997-9.998 26.207-9.998 36.204 0L192 312.69 432.095 72.596c9.997-9.997 26.207-9.997 36.204 0l36.203 36.204c9.997 9.997 9.997 26.206 0 36.204l-294.4 294.401c-9.998 9.997-26.207 9.997-36.204-.001z\"><\/path><\/svg>\t\t\t\t\t\t<\/span>\n\t\t\t\t\t\t\t\t\t\t<span class=\"elementor-icon-list-text\">Experienta pe piata internationala<\/span>\n\t\t\t\t\t\t\t\t\t<\/li>\n\t\t\t\t\t\t\t\t<li class=\"elementor-icon-list-item\">\n\t\t\t\t\t\t\t\t\t\t\t<span class=\"elementor-icon-list-icon\">\n\t\t\t\t\t\t\t<svg aria-hidden=\"true\" class=\"e-font-icon-svg e-fas-check\" viewBox=\"0 0 512 512\" xmlns=\"http:\/\/www.w3.org\/2000\/svg\"><path d=\"M173.898 439.404l-166.4-166.4c-9.997-9.997-9.997-26.206 0-36.204l36.203-36.204c9.997-9.998 26.207-9.998 36.204 0L192 312.69 432.095 72.596c9.997-9.997 26.207-9.997 36.204 0l36.203 36.204c9.997 9.997 9.997 26.206 0 36.204l-294.4 294.401c-9.998 9.997-26.207 9.997-36.204-.001z\"><\/path><\/svg>\t\t\t\t\t\t<\/span>\n\t\t\t\t\t\t\t\t\t\t<span class=\"elementor-icon-list-text\">Predarea proiectelor finalizate \u00een maximum 7 zile  <\/span>\n\t\t\t\t\t\t\t\t\t<\/li>\n\t\t\t\t\t\t\t\t<li class=\"elementor-icon-list-item\">\n\t\t\t\t\t\t\t\t\t\t\t<span class=\"elementor-icon-list-icon\">\n\t\t\t\t\t\t\t<svg aria-hidden=\"true\" class=\"e-font-icon-svg e-fas-check\" viewBox=\"0 0 512 512\" xmlns=\"http:\/\/www.w3.org\/2000\/svg\"><path d=\"M173.898 439.404l-166.4-166.4c-9.997-9.997-9.997-26.206 0-36.204l36.203-36.204c9.997-9.998 26.207-9.998 36.204 0L192 312.69 432.095 72.596c9.997-9.997 26.207-9.997 36.204 0l36.203 36.204c9.997 9.997 9.997 26.206 0 36.204l-294.4 294.401c-9.998 9.997-26.207 9.997-36.204-.001z\"><\/path><\/svg>\t\t\t\t\t\t<\/span>\n\t\t\t\t\t\t\t\t\t\t<span class=\"elementor-icon-list-text\">Lideri de piata raport calitate-pret<\/span>\n\t\t\t\t\t\t\t\t\t<\/li>\n\t\t\t\t\t\t<\/ul>\n\t\t\t\t\t\t<\/div>\n\t\t\t\t<\/div>\n\t\t\t\t\t<\/div>\n\t\t<\/div>\n\t\t\t\t<div class=\"elementor-column elementor-col-50 elementor-top-column elementor-element elementor-element-ac53a57\" data-id=\"ac53a57\" data-element_type=\"column\" data-e-type=\"column\">\n\t\t\t<div class=\"elementor-widget-wrap elementor-element-populated\">\n\t\t\t\t\t\t<div class=\"elementor-element elementor-element-b5d7599 xs-info-img elementor-widget elementor-widget-image\" data-id=\"b5d7599\" data-element_type=\"widget\" data-e-type=\"widget\" data-widget_type=\"image.default\">\n\t\t\t\t<div class=\"elementor-widget-container\">\n\t\t\t\t\t\t\t\t\t\t\t\t\t\t\t<img decoding=\"async\" src=\"https:\/\/www.beonagency.ro\/wp-content\/uploads\/2018\/09\/info-2.png\" title=\"\" alt=\"\" loading=\"lazy\" \/>\t\t\t\t\t\t\t\t\t\t\t\t\t\t\t<\/div>\n\t\t\t\t<\/div>\n\t\t\t\t\t<\/div>\n\t\t<\/div>\n\t\t\t\t\t<\/div>\n\t\t<\/div>\n\t\t\t\t<section class=\"elementor-section elementor-top-section elementor-element elementor-element-d8a6f35 elementor-section-boxed elementor-section-height-default elementor-section-height-default\" data-id=\"d8a6f35\" data-element_type=\"section\" data-e-type=\"section\">\n\t\t\t\t\t\t<div class=\"elementor-container elementor-column-gap-default\">\n\t\t\t\t\t<div class=\"elementor-column elementor-col-50 elementor-top-column elementor-element elementor-element-7a0f15d\" data-id=\"7a0f15d\" data-element_type=\"column\" data-e-type=\"column\">\n\t\t\t<div class=\"elementor-widget-wrap elementor-element-populated\">\n\t\t\t\t\t\t<div class=\"elementor-element elementor-element-677dbb3 elementor-widget elementor-widget-image\" data-id=\"677dbb3\" data-element_type=\"widget\" data-e-type=\"widget\" data-widget_type=\"image.default\">\n\t\t\t\t<div class=\"elementor-widget-container\">\n\t\t\t\t\t\t\t\t\t\t\t\t\t\t\t<img decoding=\"async\" src=\"https:\/\/www.beonagency.ro\/wp-content\/uploads\/2018\/09\/info-3.jpg\" title=\"\" alt=\"\" loading=\"lazy\" \/>\t\t\t\t\t\t\t\t\t\t\t\t\t\t\t<\/div>\n\t\t\t\t<\/div>\n\t\t\t\t\t<\/div>\n\t\t<\/div>\n\t\t\t\t<div class=\"elementor-column elementor-col-50 elementor-top-column elementor-element elementor-element-092257b\" data-id=\"092257b\" data-element_type=\"column\" data-e-type=\"column\">\n\t\t\t<div class=\"elementor-widget-wrap\">\n\t\t\t\t\t\t\t<\/div>\n\t\t<\/div>\n\t\t\t\t\t<\/div>\n\t\t<\/section>\n\t\t\t\t<\/div>\n\t\t","protected":false},"excerpt":{"rendered":"<p>Suntem o echip\u0103 t\u00e2n\u0103r\u0103 \u0219i dinamic\u0103, profesionist\u0103 din toate punctele de vedere \u0219i extrem de bine antrenat\u0103 \u00een idei practice [&hellip;]<\/p>\n","protected":false},"author":16,"featured_media":0,"parent":0,"menu_order":0,"comment_status":"closed","ping_status":"closed","template":"elementor_header_footer","meta":{"footnotes":""},"class_list":["post-15776","page","type-page","status-publish","hentry"],"yoast_head":"<!-- This site is optimized with the Yoast SEO plugin v27.3 - https:\/\/yoast.com\/product\/yoast-seo-wordpress\/ -->\n<title>Despre noi - Universitatea Tiffin<\/title>\n<meta name=\"robots\" content=\"index, follow, max-snippet:-1, max-image-preview:large, max-video-preview:-1\" \/>\n<link rel=\"canonical\" href=\"https:\/\/www.tiffin.ro\/ro\/despre-noi\/\" \/>\n<meta property=\"og:locale\" content=\"ro_RO\" \/>\n<meta property=\"og:type\" content=\"article\" \/>\n<meta property=\"og:title\" content=\"Despre noi - Universitatea Tiffin\" \/>\n<meta property=\"og:description\" content=\"Suntem o echip\u0103 t\u00e2n\u0103r\u0103 \u0219i dinamic\u0103, profesionist\u0103 din toate punctele de vedere \u0219i extrem de bine antrenat\u0103 \u00een idei practice [&hellip;]\" \/>\n<meta property=\"og:url\" content=\"https:\/\/www.tiffin.ro\/ro\/despre-noi\/\" \/>\n<meta property=\"og:site_name\" content=\"Universitatea Tiffin\" \/>\n<meta property=\"article:publisher\" content=\"https:\/\/www.facebook.com\/tiffinbbaromania\" \/>\n<meta property=\"article:modified_time\" content=\"2024-10-05T17:41:50+00:00\" \/>\n<meta property=\"og:image\" content=\"https:\/\/www.beonagency.ro\/wp-content\/uploads\/2018\/08\/info-1.png\" \/>\n<meta name=\"twitter:card\" content=\"summary_large_image\" \/>\n<meta name=\"twitter:label1\" content=\"Timp estimat pentru citire\" \/>\n\t<meta name=\"twitter:data1\" content=\"1 minut\" \/>\n<script type=\"application\/ld+json\" class=\"yoast-schema-graph\">{\"@context\":\"https:\\\/\\\/schema.org\",\"@graph\":[{\"@type\":\"WebPage\",\"@id\":\"https:\\\/\\\/www.tiffin.ro\\\/ro\\\/despre-noi\\\/\",\"url\":\"https:\\\/\\\/www.tiffin.ro\\\/ro\\\/despre-noi\\\/\",\"name\":\"Despre noi - Universitatea Tiffin\",\"isPartOf\":{\"@id\":\"https:\\\/\\\/www.tiffin.ro\\\/ro\\\/#website\"},\"primaryImageOfPage\":{\"@id\":\"https:\\\/\\\/www.tiffin.ro\\\/ro\\\/despre-noi\\\/#primaryimage\"},\"image\":{\"@id\":\"https:\\\/\\\/www.tiffin.ro\\\/ro\\\/despre-noi\\\/#primaryimage\"},\"thumbnailUrl\":\"https:\\\/\\\/www.beonagency.ro\\\/wp-content\\\/uploads\\\/2018\\\/08\\\/info-1.png\",\"datePublished\":\"2018-08-29T09:59:40+00:00\",\"dateModified\":\"2024-10-05T17:41:50+00:00\",\"breadcrumb\":{\"@id\":\"https:\\\/\\\/www.tiffin.ro\\\/ro\\\/despre-noi\\\/#breadcrumb\"},\"inLanguage\":\"ro-RO\",\"potentialAction\":[{\"@type\":\"ReadAction\",\"target\":[\"https:\\\/\\\/www.tiffin.ro\\\/ro\\\/despre-noi\\\/\"]}]},{\"@type\":\"ImageObject\",\"inLanguage\":\"ro-RO\",\"@id\":\"https:\\\/\\\/www.tiffin.ro\\\/ro\\\/despre-noi\\\/#primaryimage\",\"url\":\"https:\\\/\\\/www.beonagency.ro\\\/wp-content\\\/uploads\\\/2018\\\/08\\\/info-1.png\",\"contentUrl\":\"https:\\\/\\\/www.beonagency.ro\\\/wp-content\\\/uploads\\\/2018\\\/08\\\/info-1.png\"},{\"@type\":\"BreadcrumbList\",\"@id\":\"https:\\\/\\\/www.tiffin.ro\\\/ro\\\/despre-noi\\\/#breadcrumb\",\"itemListElement\":[{\"@type\":\"ListItem\",\"position\":1,\"name\":\"Home\",\"item\":\"https:\\\/\\\/www.tiffin.ro\\\/ro\\\/\"},{\"@type\":\"ListItem\",\"position\":2,\"name\":\"Despre noi\"}]},{\"@type\":\"WebSite\",\"@id\":\"https:\\\/\\\/www.tiffin.ro\\\/ro\\\/#website\",\"url\":\"https:\\\/\\\/www.tiffin.ro\\\/ro\\\/\",\"name\":\"Tiffin University\",\"description\":\"Prima universitate american\u0103 din Rom\u00e2nia\",\"publisher\":{\"@id\":\"https:\\\/\\\/www.tiffin.ro\\\/ro\\\/#organization\"},\"potentialAction\":[{\"@type\":\"SearchAction\",\"target\":{\"@type\":\"EntryPoint\",\"urlTemplate\":\"https:\\\/\\\/www.tiffin.ro\\\/ro\\\/?s={search_term_string}\"},\"query-input\":{\"@type\":\"PropertyValueSpecification\",\"valueRequired\":true,\"valueName\":\"search_term_string\"}}],\"inLanguage\":\"ro-RO\"},{\"@type\":\"Organization\",\"@id\":\"https:\\\/\\\/www.tiffin.ro\\\/ro\\\/#organization\",\"name\":\"Tiffin University\",\"url\":\"https:\\\/\\\/www.tiffin.ro\\\/ro\\\/\",\"logo\":{\"@type\":\"ImageObject\",\"inLanguage\":\"ro-RO\",\"@id\":\"https:\\\/\\\/www.tiffin.ro\\\/ro\\\/#\\\/schema\\\/logo\\\/image\\\/\",\"url\":\"https:\\\/\\\/www.tiffin.ro\\\/wp-content\\\/uploads\\\/2025\\\/02\\\/tiffin-university-logo.svg\",\"contentUrl\":\"https:\\\/\\\/www.tiffin.ro\\\/wp-content\\\/uploads\\\/2025\\\/02\\\/tiffin-university-logo.svg\",\"width\":241,\"height\":68,\"caption\":\"Tiffin University\"},\"image\":{\"@id\":\"https:\\\/\\\/www.tiffin.ro\\\/ro\\\/#\\\/schema\\\/logo\\\/image\\\/\"},\"sameAs\":[\"https:\\\/\\\/www.facebook.com\\\/tiffinbbaromania\"]}]}<\/script>\n<!-- \/ Yoast SEO plugin. -->","yoast_head_json":{"title":"Despre noi - Universitatea Tiffin","robots":{"index":"index","follow":"follow","max-snippet":"max-snippet:-1","max-image-preview":"max-image-preview:large","max-video-preview":"max-video-preview:-1"},"canonical":"https:\/\/www.tiffin.ro\/ro\/despre-noi\/","og_locale":"ro_RO","og_type":"article","og_title":"Despre noi - Universitatea Tiffin","og_description":"Suntem o echip\u0103 t\u00e2n\u0103r\u0103 \u0219i dinamic\u0103, profesionist\u0103 din toate punctele de vedere \u0219i extrem de bine antrenat\u0103 \u00een idei practice [&hellip;]","og_url":"https:\/\/www.tiffin.ro\/ro\/despre-noi\/","og_site_name":"Universitatea Tiffin","article_publisher":"https:\/\/www.facebook.com\/tiffinbbaromania","article_modified_time":"2024-10-05T17:41:50+00:00","og_image":[{"url":"https:\/\/www.beonagency.ro\/wp-content\/uploads\/2018\/08\/info-1.png","type":"","width":"","height":""}],"twitter_card":"summary_large_image","twitter_misc":{"Timp estimat pentru citire":"1 minut"},"schema":{"@context":"https:\/\/schema.org","@graph":[{"@type":"WebPage","@id":"https:\/\/www.tiffin.ro\/ro\/despre-noi\/","url":"https:\/\/www.tiffin.ro\/ro\/despre-noi\/","name":"Despre noi - Universitatea Tiffin","isPartOf":{"@id":"https:\/\/www.tiffin.ro\/ro\/#website"},"primaryImageOfPage":{"@id":"https:\/\/www.tiffin.ro\/ro\/despre-noi\/#primaryimage"},"image":{"@id":"https:\/\/www.tiffin.ro\/ro\/despre-noi\/#primaryimage"},"thumbnailUrl":"https:\/\/www.beonagency.ro\/wp-content\/uploads\/2018\/08\/info-1.png","datePublished":"2018-08-29T09:59:40+00:00","dateModified":"2024-10-05T17:41:50+00:00","breadcrumb":{"@id":"https:\/\/www.tiffin.ro\/ro\/despre-noi\/#breadcrumb"},"inLanguage":"ro-RO","potentialAction":[{"@type":"ReadAction","target":["https:\/\/www.tiffin.ro\/ro\/despre-noi\/"]}]},{"@type":"ImageObject","inLanguage":"ro-RO","@id":"https:\/\/www.tiffin.ro\/ro\/despre-noi\/#primaryimage","url":"https:\/\/www.beonagency.ro\/wp-content\/uploads\/2018\/08\/info-1.png","contentUrl":"https:\/\/www.beonagency.ro\/wp-content\/uploads\/2018\/08\/info-1.png"},{"@type":"BreadcrumbList","@id":"https:\/\/www.tiffin.ro\/ro\/despre-noi\/#breadcrumb","itemListElement":[{"@type":"ListItem","position":1,"name":"Home","item":"https:\/\/www.tiffin.ro\/ro\/"},{"@type":"ListItem","position":2,"name":"Despre noi"}]},{"@type":"WebSite","@id":"https:\/\/www.tiffin.ro\/ro\/#website","url":"https:\/\/www.tiffin.ro\/ro\/","name":"Tiffin University","description":"Prima universitate american\u0103 din Rom\u00e2nia","publisher":{"@id":"https:\/\/www.tiffin.ro\/ro\/#organization"},"potentialAction":[{"@type":"SearchAction","target":{"@type":"EntryPoint","urlTemplate":"https:\/\/www.tiffin.ro\/ro\/?s={search_term_string}"},"query-input":{"@type":"PropertyValueSpecification","valueRequired":true,"valueName":"search_term_string"}}],"inLanguage":"ro-RO"},{"@type":"Organization","@id":"https:\/\/www.tiffin.ro\/ro\/#organization","name":"Tiffin University","url":"https:\/\/www.tiffin.ro\/ro\/","logo":{"@type":"ImageObject","inLanguage":"ro-RO","@id":"https:\/\/www.tiffin.ro\/ro\/#\/schema\/logo\/image\/","url":"https:\/\/www.tiffin.ro\/wp-content\/uploads\/2025\/02\/tiffin-university-logo.svg","contentUrl":"https:\/\/www.tiffin.ro\/wp-content\/uploads\/2025\/02\/tiffin-university-logo.svg","width":241,"height":68,"caption":"Tiffin University"},"image":{"@id":"https:\/\/www.tiffin.ro\/ro\/#\/schema\/logo\/image\/"},"sameAs":["https:\/\/www.facebook.com\/tiffinbbaromania"]}]}},"_links":{"self":[{"href":"https:\/\/www.tiffin.ro\/ro\/wp-json\/wp\/v2\/pages\/15776","targetHints":{"allow":["GET"]}}],"collection":[{"href":"https:\/\/www.tiffin.ro\/ro\/wp-json\/wp\/v2\/pages"}],"about":[{"href":"https:\/\/www.tiffin.ro\/ro\/wp-json\/wp\/v2\/types\/page"}],"author":[{"embeddable":true,"href":"https:\/\/www.tiffin.ro\/ro\/wp-json\/wp\/v2\/users\/16"}],"replies":[{"embeddable":true,"href":"https:\/\/www.tiffin.ro\/ro\/wp-json\/wp\/v2\/comments?post=15776"}],"version-history":[{"count":1,"href":"https:\/\/www.tiffin.ro\/ro\/wp-json\/wp\/v2\/pages\/15776\/revisions"}],"predecessor-version":[{"id":15777,"href":"https:\/\/www.tiffin.ro\/ro\/wp-json\/wp\/v2\/pages\/15776\/revisions\/15777"}],"wp:attachment":[{"href":"https:\/\/www.tiffin.ro\/ro\/wp-json\/wp\/v2\/media?parent=15776"}],"curies":[{"name":"wp","href":"https:\/\/api.w.org\/{rel}","templated":true}]}}