{"id":16127,"date":"2021-06-30T10:34:54","date_gmt":"2021-06-30T10:34:54","guid":{"rendered":"https:\/\/www.tiffin.ro\/termeni-si-conditii\/"},"modified":"2025-05-07T10:45:46","modified_gmt":"2025-05-07T10:45:46","slug":"termeni-si-conditii","status":"publish","type":"page","link":"https:\/\/www.tiffin.ro\/ro\/termeni-si-conditii\/","title":{"rendered":"Termeni \u0219i Condi\u021bii de utilizare"},"content":{"rendered":"\t\t<div data-elementor-type=\"wp-page\" data-elementor-id=\"16127\" class=\"elementor elementor-16127 elementor-10810\">\n\t\t\t\t\t\t<section class=\"elementor-section elementor-top-section elementor-element elementor-element-6b0c elementor-section-boxed elementor-section-height-default elementor-section-height-default\" data-id=\"6b0c\" data-element_type=\"section\" data-e-type=\"section\">\n\t\t\t\t\t\t<div class=\"elementor-container elementor-column-gap-default\">\n\t\t\t\t\t<div class=\"elementor-column elementor-col-100 elementor-top-column elementor-element elementor-element-663f\" data-id=\"663f\" data-element_type=\"column\" data-e-type=\"column\">\n\t\t\t<div class=\"elementor-widget-wrap elementor-element-populated\">\n\t\t\t\t\t\t<div class=\"elementor-element elementor-element-2aba elementor-widget elementor-widget-heading\" data-id=\"2aba\" data-element_type=\"widget\" data-e-type=\"widget\" data-widget_type=\"heading.default\">\n\t\t\t\t<div class=\"elementor-widget-container\">\n\t\t\t\t\t<h5 class=\"elementor-heading-title elementor-size-default\">Informa\u021bii generale<\/h5>\t\t\t\t<\/div>\n\t\t\t\t<\/div>\n\t\t\t\t<div class=\"elementor-element elementor-element-d6b elementor-widget elementor-widget-text-editor\" data-id=\"d6b\" data-element_type=\"widget\" data-e-type=\"widget\" data-widget_type=\"text-editor.default\">\n\t\t\t\t<div class=\"elementor-widget-container\">\n\t\t\t\t\t\t\t\t\t<p>Acest site apar\u021bine \u0219i este administrat de SC MM Consultants &amp; International SRL, Str. Transilvaniei, Nr. 6, Etaj 1, Sector 1, 70778, Bucure\u0219ti, Rom\u00e2nia, telefon: 021 402 54 54, email: info@tiffin.ro. Prin accesarea \u0219i utilizarea site-ului www.tiffin.ro, sunte\u021bi de acord \u00een mod explicit \u0219i f\u0103r\u0103 limit\u0103ri cu prezentele condi\u021bii de utilizare. Dac\u0103 nu sunte\u021bi de acord cu acestea, v\u0103 rug\u0103m s\u0103 \u00eenceta\u021bi utilizarea site-ului.   <\/p>\n\t\t\t\t\t\t\t\t<\/div>\n\t\t\t\t<\/div>\n\t\t\t\t<div class=\"elementor-element elementor-element-c8 elementor-widget elementor-widget-heading\" data-id=\"c8\" data-element_type=\"widget\" data-e-type=\"widget\" data-widget_type=\"heading.default\">\n\t\t\t\t<div class=\"elementor-widget-container\">\n\t\t\t\t\t<h5 class=\"elementor-heading-title elementor-size-default\">Drepturi de autor \u0219i proprietate intelectual\u0103<\/h5>\t\t\t\t<\/div>\n\t\t\t\t<\/div>\n\t\t\t\t<div class=\"elementor-element elementor-element-7561 elementor-widget elementor-widget-text-editor\" data-id=\"7561\" data-element_type=\"widget\" data-e-type=\"widget\" data-widget_type=\"text-editor.default\">\n\t\t\t\t<div class=\"elementor-widget-container\">\n\t\t\t\t\t\t\t\t\t<p>\u00centreg con\u021binutul site-ului, inclusiv texte, imagini, grafice, logo-uri, software \u0219i alte materiale, este protejat prin drepturi de autor apar\u021bin\u00e2nd SC MM Consultants &amp; International SRL sau licen\u021biatorilor s\u0103i. Sunt interzise reproducerea, copierea, distribuirea, transferul, modificarea sau utilizarea \u00een orice mod a con\u021binutului acestui site f\u0103r\u0103 acordul scris prealabil al SC MM Consultants &amp; International SRL. <\/p>\n\t\t\t\t\t\t\t\t<\/div>\n\t\t\t\t<\/div>\n\t\t\t\t<div class=\"elementor-element elementor-element-3886 elementor-widget elementor-widget-heading\" data-id=\"3886\" data-element_type=\"widget\" data-e-type=\"widget\" data-widget_type=\"heading.default\">\n\t\t\t\t<div class=\"elementor-widget-container\">\n\t\t\t\t\t<h5 class=\"elementor-heading-title elementor-size-default\">Politica de confiden\u021bialitate<\/h5>\t\t\t\t<\/div>\n\t\t\t\t<\/div>\n\t\t\t\t<div class=\"elementor-element elementor-element-1547 elementor-widget elementor-widget-text-editor\" data-id=\"1547\" data-element_type=\"widget\" data-e-type=\"widget\" data-widget_type=\"text-editor.default\">\n\t\t\t\t<div class=\"elementor-widget-container\">\n\t\t\t\t\t\t\t\t\t<p>Datele personale transmise prin intermediul acestui site, cum ar fi numele, adresa, num\u0103rul de telefon sau adresa de e-mail, sunt prelucrate conform Politicii de Confiden\u021bialitate disponibil\u0103 pe site-ul nostru \u0219i \u00een linie cu reglement\u0103rile GDPR \u00een vigoare. Alte comunic\u0103ri sau materiale transmise c\u0103tre site (comentarii, sugestii, \u00eentreb\u0103ri) vor fi tratate ca neconfiden\u021biale \u0219i nu sunt protejate prin drepturi de proprietate intelectual\u0103. <\/p>\n\t\t\t\t\t\t\t\t<\/div>\n\t\t\t\t<\/div>\n\t\t\t\t<div class=\"elementor-element elementor-element-6174 elementor-widget elementor-widget-heading\" data-id=\"6174\" data-element_type=\"widget\" data-e-type=\"widget\" data-widget_type=\"heading.default\">\n\t\t\t\t<div class=\"elementor-widget-container\">\n\t\t\t\t\t<h5 class=\"elementor-heading-title elementor-size-default\">Exonerarea de r\u0103spundere<\/h5>\t\t\t\t<\/div>\n\t\t\t\t<\/div>\n\t\t\t\t<div class=\"elementor-element elementor-element-69d elementor-widget elementor-widget-text-editor\" data-id=\"69d\" data-element_type=\"widget\" data-e-type=\"widget\" data-widget_type=\"text-editor.default\">\n\t\t\t\t<div class=\"elementor-widget-container\">\n\t\t\t\t\t\t\t\t\t<p>\u00centregul con\u021binut al site-ului www.tiffin.ro este oferit &#8222;ca atare&#8221;, f\u0103r\u0103 nicio garan\u021bie expres\u0103 sau implicit\u0103 privind acurate\u021bea, completitudinea sau actualitatea informa\u021biilor furnizate. SC MM Consultants &amp; International SRL nu va fi responsabil\u0103 pentru eventualele daune directe sau indirecte survenite \u00een urma utiliz\u0103rii acestui site. <\/p>\n\t\t\t\t\t\t\t\t<\/div>\n\t\t\t\t<\/div>\n\t\t\t\t<div class=\"elementor-element elementor-element-3ee3 elementor-widget elementor-widget-heading\" data-id=\"3ee3\" data-element_type=\"widget\" data-e-type=\"widget\" data-widget_type=\"heading.default\">\n\t\t\t\t<div class=\"elementor-widget-container\">\n\t\t\t\t\t<h5 class=\"elementor-heading-title elementor-size-default\">Modific\u0103ri ale termenilor \u0219i condi\u021biilor<\/h5>\t\t\t\t<\/div>\n\t\t\t\t<\/div>\n\t\t\t\t<div class=\"elementor-element elementor-element-20e0 elementor-widget elementor-widget-text-editor\" data-id=\"20e0\" data-element_type=\"widget\" data-e-type=\"widget\" data-widget_type=\"text-editor.default\">\n\t\t\t\t<div class=\"elementor-widget-container\">\n\t\t\t\t\t\t\t\t\t<p>SC MM Consultants &amp; International SRL \u00ee\u0219i rezerv\u0103 dreptul de a modifica oric\u00e2nd ace\u0219ti Termeni \u0219i Condi\u021bii, f\u0103r\u0103 notificare prealabil\u0103. Orice modific\u0103ri vor intra \u00een vigoare imediat dup\u0103 publicarea lor pe site. Utilizatorii sunt obliga\u021bi s\u0103 verifice periodic aceast\u0103 pagin\u0103 pentru a fi informa\u021bi cu privire la orice actualiz\u0103ri.  <\/p>\n\t\t\t\t\t\t\t\t<\/div>\n\t\t\t\t<\/div>\n\t\t\t\t<div class=\"elementor-element elementor-element-64117f7 elementor-widget elementor-widget-heading\" data-id=\"64117f7\" data-element_type=\"widget\" data-e-type=\"widget\" data-widget_type=\"heading.default\">\n\t\t\t\t<div class=\"elementor-widget-container\">\n\t\t\t\t\t<h5 class=\"elementor-heading-title elementor-size-default\">Dezabonare de la comunic\u0103ri<\/h5>\t\t\t\t<\/div>\n\t\t\t\t<\/div>\n\t\t\t\t<div class=\"elementor-element elementor-element-b3acc9e elementor-widget elementor-widget-text-editor\" data-id=\"b3acc9e\" data-element_type=\"widget\" data-e-type=\"widget\" data-widget_type=\"text-editor.default\">\n\t\t\t\t<div class=\"elementor-widget-container\">\n\t\t\t\t\t\t\t\t\t<p>Pentru dezabonarea de la comunic\u0103rile noastre \u0219i pentru a nu mai primi oferte sau inform\u0103ri viitoare, ne pute\u021bi contacta direct la adresa men\u021bionat\u0103 mai sus.<\/p>\n\t\t\t\t\t\t\t\t<\/div>\n\t\t\t\t<\/div>\n\t\t\t\t<div class=\"elementor-element elementor-element-01cb220 elementor-widget elementor-widget-heading\" data-id=\"01cb220\" data-element_type=\"widget\" data-e-type=\"widget\" data-widget_type=\"heading.default\">\n\t\t\t\t<div class=\"elementor-widget-container\">\n\t\t\t\t\t<h5 class=\"elementor-heading-title elementor-size-default\">Legea aplicabil\u0103 \u0219i jurisdic\u021bie<\/h5>\t\t\t\t<\/div>\n\t\t\t\t<\/div>\n\t\t\t\t<div class=\"elementor-element elementor-element-c24d0bd elementor-widget elementor-widget-text-editor\" data-id=\"c24d0bd\" data-element_type=\"widget\" data-e-type=\"widget\" data-widget_type=\"text-editor.default\">\n\t\t\t\t<div class=\"elementor-widget-container\">\n\t\t\t\t\t\t\t\t\t<p>Prezentul document, precum \u0219i utilizarea site-ului, sunt guvernate de legisla\u021bia \u00een vigoare din Rom\u00e2nia. Orice disput\u0103 care rezult\u0103 din sau este \u00een leg\u0103tur\u0103 cu ace\u0219ti Termeni \u0219i Condi\u021bii sau cu utilizarea acestui site va fi solu\u021bionat\u0103 exclusiv de c\u0103tre instan\u021bele competente din Rom\u00e2nia. <\/p>\n\t\t\t\t\t\t\t\t<\/div>\n\t\t\t\t<\/div>\n\t\t\t\t<div class=\"elementor-element elementor-element-efe54d5 elementor-widget elementor-widget-heading\" data-id=\"efe54d5\" data-element_type=\"widget\" data-e-type=\"widget\" data-widget_type=\"heading.default\">\n\t\t\t\t<div class=\"elementor-widget-container\">\n\t\t\t\t\t<h5 class=\"elementor-heading-title elementor-size-default\">Persoan\u0103 de contact<\/h5>\t\t\t\t<\/div>\n\t\t\t\t<\/div>\n\t\t\t\t<div class=\"elementor-element elementor-element-017980c elementor-widget elementor-widget-text-editor\" data-id=\"017980c\" data-element_type=\"widget\" data-e-type=\"widget\" data-widget_type=\"text-editor.default\">\n\t\t\t\t<div class=\"elementor-widget-container\">\n\t\t\t\t\t\t\t\t\t<p>Pentru orice \u00eentreb\u0103ri sau solicit\u0103ri referitoare la ace\u0219ti Termeni \u0219i Condi\u021bii, v\u0103 rug\u0103m s\u0103 ne contacta\u021bi la adresa:<br \/>SC MM Consultants &amp; International SRL<br \/>Str. Transilvaniei, Nr. 6, Etaj 1, Sector 1, Bucure\u021bi, 70778, Rom\u00e2nia<br \/>Telefon: 021 402 54 54<br \/>E-mail: info@tiffin.ro <\/p>\n\t\t\t\t\t\t\t\t<\/div>\n\t\t\t\t<\/div>\n\t\t\t\t\t<\/div>\n\t\t<\/div>\n\t\t\t\t\t<\/div>\n\t\t<\/section>\n\t\t\t\t<\/div>\n\t\t","protected":false},"excerpt":{"rendered":"<p>Informa\u021bii generale Acest site apar\u021bine \u0219i este administrat de SC MM Consultants &amp; International SRL, Str. Transilvaniei, Nr. 6, Etaj [&hellip;]<\/p>\n","protected":false},"author":16,"featured_media":15758,"parent":0,"menu_order":0,"comment_status":"closed","ping_status":"closed","template":"","meta":{"footnotes":""},"class_list":["post-16127","page","type-page","status-publish","has-post-thumbnail","hentry"],"yoast_head":"<!-- This site is optimized with the Yoast SEO plugin v27.3 - https:\/\/yoast.com\/product\/yoast-seo-wordpress\/ -->\n<title>Termeni \u0219i Condi\u021bii de utilizare - Universitatea Tiffin<\/title>\n<meta name=\"robots\" content=\"index, follow, max-snippet:-1, max-image-preview:large, max-video-preview:-1\" \/>\n<link rel=\"canonical\" href=\"https:\/\/www.tiffin.ro\/ro\/termeni-si-conditii\/\" \/>\n<meta property=\"og:locale\" content=\"ro_RO\" \/>\n<meta property=\"og:type\" content=\"article\" \/>\n<meta property=\"og:title\" content=\"Termeni \u0219i Condi\u021bii de utilizare - Universitatea Tiffin\" \/>\n<meta property=\"og:description\" content=\"Informa\u021bii generale Acest site apar\u021bine \u0219i este administrat de SC MM Consultants &amp; International SRL, Str. Transilvaniei, Nr. 6, Etaj [&hellip;]\" \/>\n<meta property=\"og:url\" content=\"https:\/\/www.tiffin.ro\/ro\/termeni-si-conditii\/\" \/>\n<meta property=\"og:site_name\" content=\"Universitatea Tiffin\" \/>\n<meta property=\"article:publisher\" content=\"https:\/\/www.facebook.com\/tiffinbbaromania\" \/>\n<meta property=\"article:modified_time\" content=\"2025-05-07T10:45:46+00:00\" \/>\n<meta property=\"og:image\" content=\"https:\/\/www.tiffin.ro\/wp-content\/uploads\/2024\/09\/Andrea-Piacquadio-pexels-olly-3764402-scaled.jpg\" \/>\n\t<meta property=\"og:image:width\" content=\"2560\" \/>\n\t<meta property=\"og:image:height\" content=\"1779\" \/>\n\t<meta property=\"og:image:type\" content=\"image\/jpeg\" \/>\n<meta name=\"twitter:card\" content=\"summary_large_image\" \/>\n<meta name=\"twitter:label1\" content=\"Timp estimat pentru citire\" \/>\n\t<meta name=\"twitter:data1\" content=\"2 minute\" \/>\n<script type=\"application\/ld+json\" class=\"yoast-schema-graph\">{\"@context\":\"https:\\\/\\\/schema.org\",\"@graph\":[{\"@type\":\"WebPage\",\"@id\":\"https:\\\/\\\/www.tiffin.ro\\\/ro\\\/termeni-si-conditii\\\/\",\"url\":\"https:\\\/\\\/www.tiffin.ro\\\/ro\\\/termeni-si-conditii\\\/\",\"name\":\"Termeni \u0219i Condi\u021bii de utilizare - Universitatea Tiffin\",\"isPartOf\":{\"@id\":\"https:\\\/\\\/www.tiffin.ro\\\/ro\\\/#website\"},\"primaryImageOfPage\":{\"@id\":\"https:\\\/\\\/www.tiffin.ro\\\/ro\\\/termeni-si-conditii\\\/#primaryimage\"},\"image\":{\"@id\":\"https:\\\/\\\/www.tiffin.ro\\\/ro\\\/termeni-si-conditii\\\/#primaryimage\"},\"thumbnailUrl\":\"https:\\\/\\\/www.tiffin.ro\\\/wp-content\\\/uploads\\\/2024\\\/09\\\/Andrea-Piacquadio-pexels-olly-3764402-scaled.jpg\",\"datePublished\":\"2021-06-30T10:34:54+00:00\",\"dateModified\":\"2025-05-07T10:45:46+00:00\",\"breadcrumb\":{\"@id\":\"https:\\\/\\\/www.tiffin.ro\\\/ro\\\/termeni-si-conditii\\\/#breadcrumb\"},\"inLanguage\":\"ro-RO\",\"potentialAction\":[{\"@type\":\"ReadAction\",\"target\":[\"https:\\\/\\\/www.tiffin.ro\\\/ro\\\/termeni-si-conditii\\\/\"]}]},{\"@type\":\"ImageObject\",\"inLanguage\":\"ro-RO\",\"@id\":\"https:\\\/\\\/www.tiffin.ro\\\/ro\\\/termeni-si-conditii\\\/#primaryimage\",\"url\":\"https:\\\/\\\/www.tiffin.ro\\\/wp-content\\\/uploads\\\/2024\\\/09\\\/Andrea-Piacquadio-pexels-olly-3764402-scaled.jpg\",\"contentUrl\":\"https:\\\/\\\/www.tiffin.ro\\\/wp-content\\\/uploads\\\/2024\\\/09\\\/Andrea-Piacquadio-pexels-olly-3764402-scaled.jpg\",\"width\":2560,\"height\":1779},{\"@type\":\"BreadcrumbList\",\"@id\":\"https:\\\/\\\/www.tiffin.ro\\\/ro\\\/termeni-si-conditii\\\/#breadcrumb\",\"itemListElement\":[{\"@type\":\"ListItem\",\"position\":1,\"name\":\"Home\",\"item\":\"https:\\\/\\\/www.tiffin.ro\\\/ro\\\/\"},{\"@type\":\"ListItem\",\"position\":2,\"name\":\"Termeni \u0219i Condi\u021bii de utilizare\"}]},{\"@type\":\"WebSite\",\"@id\":\"https:\\\/\\\/www.tiffin.ro\\\/ro\\\/#website\",\"url\":\"https:\\\/\\\/www.tiffin.ro\\\/ro\\\/\",\"name\":\"Tiffin University\",\"description\":\"Prima universitate american\u0103 din Rom\u00e2nia\",\"publisher\":{\"@id\":\"https:\\\/\\\/www.tiffin.ro\\\/ro\\\/#organization\"},\"potentialAction\":[{\"@type\":\"SearchAction\",\"target\":{\"@type\":\"EntryPoint\",\"urlTemplate\":\"https:\\\/\\\/www.tiffin.ro\\\/ro\\\/?s={search_term_string}\"},\"query-input\":{\"@type\":\"PropertyValueSpecification\",\"valueRequired\":true,\"valueName\":\"search_term_string\"}}],\"inLanguage\":\"ro-RO\"},{\"@type\":\"Organization\",\"@id\":\"https:\\\/\\\/www.tiffin.ro\\\/ro\\\/#organization\",\"name\":\"Tiffin University\",\"url\":\"https:\\\/\\\/www.tiffin.ro\\\/ro\\\/\",\"logo\":{\"@type\":\"ImageObject\",\"inLanguage\":\"ro-RO\",\"@id\":\"https:\\\/\\\/www.tiffin.ro\\\/ro\\\/#\\\/schema\\\/logo\\\/image\\\/\",\"url\":\"https:\\\/\\\/www.tiffin.ro\\\/wp-content\\\/uploads\\\/2025\\\/02\\\/tiffin-university-logo.svg\",\"contentUrl\":\"https:\\\/\\\/www.tiffin.ro\\\/wp-content\\\/uploads\\\/2025\\\/02\\\/tiffin-university-logo.svg\",\"width\":241,\"height\":68,\"caption\":\"Tiffin University\"},\"image\":{\"@id\":\"https:\\\/\\\/www.tiffin.ro\\\/ro\\\/#\\\/schema\\\/logo\\\/image\\\/\"},\"sameAs\":[\"https:\\\/\\\/www.facebook.com\\\/tiffinbbaromania\"]}]}<\/script>\n<!-- \/ Yoast SEO plugin. -->","yoast_head_json":{"title":"Termeni \u0219i Condi\u021bii de utilizare - Universitatea Tiffin","robots":{"index":"index","follow":"follow","max-snippet":"max-snippet:-1","max-image-preview":"max-image-preview:large","max-video-preview":"max-video-preview:-1"},"canonical":"https:\/\/www.tiffin.ro\/ro\/termeni-si-conditii\/","og_locale":"ro_RO","og_type":"article","og_title":"Termeni \u0219i Condi\u021bii de utilizare - Universitatea Tiffin","og_description":"Informa\u021bii generale Acest site apar\u021bine \u0219i este administrat de SC MM Consultants &amp; International SRL, Str. Transilvaniei, Nr. 6, Etaj [&hellip;]","og_url":"https:\/\/www.tiffin.ro\/ro\/termeni-si-conditii\/","og_site_name":"Universitatea Tiffin","article_publisher":"https:\/\/www.facebook.com\/tiffinbbaromania","article_modified_time":"2025-05-07T10:45:46+00:00","og_image":[{"width":2560,"height":1779,"url":"https:\/\/www.tiffin.ro\/wp-content\/uploads\/2024\/09\/Andrea-Piacquadio-pexels-olly-3764402-scaled.jpg","type":"image\/jpeg"}],"twitter_card":"summary_large_image","twitter_misc":{"Timp estimat pentru citire":"2 minute"},"schema":{"@context":"https:\/\/schema.org","@graph":[{"@type":"WebPage","@id":"https:\/\/www.tiffin.ro\/ro\/termeni-si-conditii\/","url":"https:\/\/www.tiffin.ro\/ro\/termeni-si-conditii\/","name":"Termeni \u0219i Condi\u021bii de utilizare - Universitatea Tiffin","isPartOf":{"@id":"https:\/\/www.tiffin.ro\/ro\/#website"},"primaryImageOfPage":{"@id":"https:\/\/www.tiffin.ro\/ro\/termeni-si-conditii\/#primaryimage"},"image":{"@id":"https:\/\/www.tiffin.ro\/ro\/termeni-si-conditii\/#primaryimage"},"thumbnailUrl":"https:\/\/www.tiffin.ro\/wp-content\/uploads\/2024\/09\/Andrea-Piacquadio-pexels-olly-3764402-scaled.jpg","datePublished":"2021-06-30T10:34:54+00:00","dateModified":"2025-05-07T10:45:46+00:00","breadcrumb":{"@id":"https:\/\/www.tiffin.ro\/ro\/termeni-si-conditii\/#breadcrumb"},"inLanguage":"ro-RO","potentialAction":[{"@type":"ReadAction","target":["https:\/\/www.tiffin.ro\/ro\/termeni-si-conditii\/"]}]},{"@type":"ImageObject","inLanguage":"ro-RO","@id":"https:\/\/www.tiffin.ro\/ro\/termeni-si-conditii\/#primaryimage","url":"https:\/\/www.tiffin.ro\/wp-content\/uploads\/2024\/09\/Andrea-Piacquadio-pexels-olly-3764402-scaled.jpg","contentUrl":"https:\/\/www.tiffin.ro\/wp-content\/uploads\/2024\/09\/Andrea-Piacquadio-pexels-olly-3764402-scaled.jpg","width":2560,"height":1779},{"@type":"BreadcrumbList","@id":"https:\/\/www.tiffin.ro\/ro\/termeni-si-conditii\/#breadcrumb","itemListElement":[{"@type":"ListItem","position":1,"name":"Home","item":"https:\/\/www.tiffin.ro\/ro\/"},{"@type":"ListItem","position":2,"name":"Termeni \u0219i Condi\u021bii de utilizare"}]},{"@type":"WebSite","@id":"https:\/\/www.tiffin.ro\/ro\/#website","url":"https:\/\/www.tiffin.ro\/ro\/","name":"Tiffin University","description":"Prima universitate american\u0103 din Rom\u00e2nia","publisher":{"@id":"https:\/\/www.tiffin.ro\/ro\/#organization"},"potentialAction":[{"@type":"SearchAction","target":{"@type":"EntryPoint","urlTemplate":"https:\/\/www.tiffin.ro\/ro\/?s={search_term_string}"},"query-input":{"@type":"PropertyValueSpecification","valueRequired":true,"valueName":"search_term_string"}}],"inLanguage":"ro-RO"},{"@type":"Organization","@id":"https:\/\/www.tiffin.ro\/ro\/#organization","name":"Tiffin University","url":"https:\/\/www.tiffin.ro\/ro\/","logo":{"@type":"ImageObject","inLanguage":"ro-RO","@id":"https:\/\/www.tiffin.ro\/ro\/#\/schema\/logo\/image\/","url":"https:\/\/www.tiffin.ro\/wp-content\/uploads\/2025\/02\/tiffin-university-logo.svg","contentUrl":"https:\/\/www.tiffin.ro\/wp-content\/uploads\/2025\/02\/tiffin-university-logo.svg","width":241,"height":68,"caption":"Tiffin University"},"image":{"@id":"https:\/\/www.tiffin.ro\/ro\/#\/schema\/logo\/image\/"},"sameAs":["https:\/\/www.facebook.com\/tiffinbbaromania"]}]}},"_links":{"self":[{"href":"https:\/\/www.tiffin.ro\/ro\/wp-json\/wp\/v2\/pages\/16127","targetHints":{"allow":["GET"]}}],"collection":[{"href":"https:\/\/www.tiffin.ro\/ro\/wp-json\/wp\/v2\/pages"}],"about":[{"href":"https:\/\/www.tiffin.ro\/ro\/wp-json\/wp\/v2\/types\/page"}],"author":[{"embeddable":true,"href":"https:\/\/www.tiffin.ro\/ro\/wp-json\/wp\/v2\/users\/16"}],"replies":[{"embeddable":true,"href":"https:\/\/www.tiffin.ro\/ro\/wp-json\/wp\/v2\/comments?post=16127"}],"version-history":[{"count":4,"href":"https:\/\/www.tiffin.ro\/ro\/wp-json\/wp\/v2\/pages\/16127\/revisions"}],"predecessor-version":[{"id":17277,"href":"https:\/\/www.tiffin.ro\/ro\/wp-json\/wp\/v2\/pages\/16127\/revisions\/17277"}],"wp:featuredmedia":[{"embeddable":true,"href":"https:\/\/www.tiffin.ro\/ro\/wp-json\/wp\/v2\/media\/15758"}],"wp:attachment":[{"href":"https:\/\/www.tiffin.ro\/ro\/wp-json\/wp\/v2\/media?parent=16127"}],"curies":[{"name":"wp","href":"https:\/\/api.w.org\/{rel}","templated":true}]}}